{"id":839,"date":"2023-03-15T04:10:02","date_gmt":"2023-03-15T08:10:02","guid":{"rendered":"http:\/\/wpexplorer-demos.com\/?page_id=839"},"modified":"2023-11-03T11:27:29","modified_gmt":"2023-11-03T15:27:29","slug":"accueil","status":"publish","type":"page","link":"https:\/\/contreespionnage.com\/en\/","title":{"rendered":"Home"},"content":{"rendered":"<div id=\"home-content\" class=\"vc_row wpb_row vc_row-fluid vc_custom_1489889641705 wpex-vc-has-custom-column-spacing wpex-vc-column-spacing-40 tablet-fullwidth-columns\"><div class=\"wpb_column vc_column_container vc_col-sm-4\"><div class=\"vc_column-inner\"><div class=\"wpb_wrapper\"><div class=\"vcex-module vcex-icon-box vcex-icon-box-one wpex-relative wpex-flex wpex-text-left\"><div class=\"vcex-icon-box-symbol wpex-flex-shrink-0 wpex-mr-20\"><div class=\"vcex-icon-box-icon wpex-inline-flex wpex-items-center wpex-justify-center wpex-child-inherit-color wpex-text-center wpex-leading-none wpex-text-1\"><span class=\"ticon ticon-lock\" aria-hidden=\"true\"><\/span><\/div><\/div><div class=\"vcex-icon-box-text wpex-flex-grow\"><h2 class=\"vcex-icon-box-heading wpex-heading wpex-text-md wpex-mb-10\">Counter espionage<\/h2><div class=\"vcex-icon-box-content wpex-last-mb-0 wpex-clr\"><p>By developing an effective counter-espionage strategy, we can protect you from several types of espionage.<\/p>\n<\/div><\/div><\/div><\/div><\/div><\/div><div class=\"wpb_column vc_column_container vc_col-sm-4\"><div class=\"vc_column-inner\"><div class=\"wpb_wrapper\"><div class=\"vcex-module vcex-icon-box vcex-icon-box-one wpex-relative wpex-flex wpex-text-left\"><div class=\"vcex-icon-box-symbol wpex-flex-shrink-0 wpex-mr-20\"><div class=\"vcex-icon-box-icon wpex-inline-flex wpex-items-center wpex-justify-center wpex-child-inherit-color wpex-text-center wpex-leading-none wpex-text-1\"><span class=\"ticon ticon-camera-retro\" aria-hidden=\"true\"><\/span><\/div><\/div><div class=\"vcex-icon-box-text wpex-flex-grow\"><h2 class=\"vcex-icon-box-heading wpex-heading wpex-text-md wpex-mb-10\">We are competitive at finding hidden cameras, gps and spy microphones<\/h2><div class=\"vcex-icon-box-content wpex-last-mb-0 wpex-clr\"><p>To locate spying devices, we employ cutting-edge electronic scanning surveillance countermeasure techniques. Make sure that your offices, conference rooms, communication systems and vehicles are secure.<\/p>\n<\/div><\/div><\/div><\/div><\/div><\/div><div class=\"wpb_column vc_column_container vc_col-sm-4\"><div class=\"vc_column-inner\"><div class=\"wpb_wrapper\"><div class=\"vcex-module vcex-icon-box vcex-icon-box-one wpex-relative wpex-flex wpex-text-left\"><div class=\"vcex-icon-box-symbol wpex-flex-shrink-0 wpex-mr-20\"><div class=\"vcex-icon-box-icon wpex-inline-flex wpex-items-center wpex-justify-center wpex-child-inherit-color wpex-text-center wpex-leading-none wpex-text-1\"><span class=\"ticon ticon-check\" aria-hidden=\"true\"><\/span><\/div><\/div><div class=\"vcex-icon-box-text wpex-flex-grow\"><h2 class=\"vcex-icon-box-heading wpex-heading wpex-text-md wpex-mb-10\">Prevention and security<\/h2><div class=\"vcex-icon-box-content wpex-last-mb-0 wpex-clr\"><p>Our expertise allows us to provide a service to counter any act of <strong>voyeurism<\/strong>. We offer our expert services to all establishments that have private rooms, locker rooms, toilets, and fitting rooms, etc.<\/p>\n<\/div><\/div><\/div><\/div><\/div><\/div><\/div><div data-vc-full-width=\"true\" data-vc-full-width-init=\"false\" class=\"vc_row wpb_row vc_row-fluid vc_custom_1677270904591 wpex-vc_row-has-fill wpex-vc-row-stretched no-bottom-margins\"><div class=\"wpb_column vc_column_container vc_col-sm-12\"><div class=\"vc_column-inner\"><div class=\"wpb_wrapper\"><h2 class=\"vcex-heading vcex-module wpex-text-2xl wpex-font-normal wpex-m-auto wpex-max-w-100 vcex-heading-plain wpex-block wpex-text-center vc_custom_1676997732102\" style=\"font-size:32px;font-weight:400;\"><span class=\"vcex-heading-inner wpex-inline-block wpex-clr\">Effective Counter-espionage Strategies<\/span><\/h2>\n\t<div style=\"color:#777777;font-size:18px;font-weight:300;text-align:center;\" class=\"wpb_text_column has-custom-color wpex-child-inherit-color wpb_content_element\" >\n\t\t<div class=\"wpb_wrapper\">\n\t\t\t<p>We are constantly on the lookout for new advancements to remain at the forefront of technology, progress, and innovation.<\/p>\n\n\t\t<\/div>\n\t<\/div>\n<div class=\"vcex-spacing wpex-w-100 wpex-clear\"><\/div><div class=\"theme-button-wrap textcenter wpex-clr\"><a href=\"https:\/\/contreespionnage.com\/en\/a-propos\/\" title=\"Services\" class=\"vcex-button theme-button align-center inline\" style=\"font-size:15px;font-weight:400;\"><span class=\"theme-button-inner\">About<\/span><\/a><\/div> <div class=\"vcex-spacing wpex-w-100 wpex-clear\"><\/div>\n\t<div  class=\"wpb_single_image wpb_content_element vc_align_center\">\n\t\t\n\t\t<figure class=\"wpb_wrapper vc_figure\">\n\t\t\t<div class=\"vc_single_image-wrapper   vc_box_border_grey\"><img loading=\"lazy\" decoding=\"async\" width=\"980\" height=\"566\" src=\"https:\/\/contreespionnage.com\/wp-content\/uploads\/2023\/02\/Depositphotos_154237866_L-6-1024x591.png\" class=\"vc_single_image-img attachment-large\" alt=\"Contre-espionnage Counter-espionage\" title=\"Contre-espionnage Counter-espionage\" srcset=\"https:\/\/contreespionnage.com\/wp-content\/uploads\/2023\/02\/Depositphotos_154237866_L-6-1024x591.png 1024w, https:\/\/contreespionnage.com\/wp-content\/uploads\/2023\/02\/Depositphotos_154237866_L-6-300x173.png 300w, https:\/\/contreespionnage.com\/wp-content\/uploads\/2023\/02\/Depositphotos_154237866_L-6-768x443.png 768w, https:\/\/contreespionnage.com\/wp-content\/uploads\/2023\/02\/Depositphotos_154237866_L-6-1536x887.png 1536w, https:\/\/contreespionnage.com\/wp-content\/uploads\/2023\/02\/Depositphotos_154237866_L-6-2048x1182.png 2048w, https:\/\/contreespionnage.com\/wp-content\/uploads\/2023\/02\/Depositphotos_154237866_L-6-600x346.png 600w\" sizes=\"(max-width: 980px) 100vw, 980px\" \/><\/div>\n\t\t<\/figure>\n\t<\/div>\n<\/div><\/div><\/div><\/div><div class=\"vc_row-full-width vc_clearfix\"><\/div><div class=\"vc_row wpb_row vc_row-fluid vc_custom_1519951952367 no-bottom-margins\"><div class=\"wpb_column vc_column_container vc_col-sm-12\"><div class=\"vc_column-inner\"><div class=\"wpb_wrapper\"><h2 class=\"vcex-heading vcex-module wpex-text-2xl wpex-font-normal wpex-m-auto wpex-max-w-100 vcex-heading-plain wpex-block wpex-text-center vc_custom_1699020088896\" style=\"font-size:32px;font-weight:400;\"><span class=\"vcex-heading-inner wpex-inline-block wpex-clr\">Spy Equipment Detection - 100% Turnkey Solution<\/span><\/h2>\n\t<div style=\"color:#777777;font-size:18px;font-weight:300;text-align:center;\" class=\"wpb_text_column has-custom-color wpex-child-inherit-color wpb_content_element\" >\n\t\t<div class=\"wpb_wrapper\">\n\t\t\t<p>By choosing our specialized counter-espionage services, you can protect your business, residence, or vehicle from electronic and physical espionage threats.<\/p>\n\n\t\t<\/div>\n\t<\/div>\n<\/div><\/div><\/div><\/div><div class=\"vc_row wpb_row vc_row-fluid vc_custom_1677266475898 wpex-vc_row-has-fill wpex-vc-reset-negative-margin\"><div class=\"wpb_column vc_column_container vc_col-sm-4\"><div class=\"vc_column-inner\"><div class=\"wpb_wrapper\">\n\t<div  class=\"wpb_single_image wpb_content_element vc_align_center\">\n\t\t\n\t\t<figure class=\"wpb_wrapper vc_figure\">\n\t\t\t<div class=\"vc_single_image-wrapper   vc_box_border_grey\"><img loading=\"lazy\" decoding=\"async\" width=\"2451\" height=\"2560\" src=\"https:\/\/contreespionnage.com\/wp-content\/uploads\/2023\/02\/Depositphotos_154754034_XL-5-1-scaled.jpg\" class=\"vc_single_image-img attachment-full\" alt=\"Strat\u00e9gies de contre-espionnage Counter-espionage Strategies\" title=\"Strat\u00e9gies de contre-espionnage Counter-espionage Strategies\" srcset=\"https:\/\/contreespionnage.com\/wp-content\/uploads\/2023\/02\/Depositphotos_154754034_XL-5-1-scaled.jpg 2451w, https:\/\/contreespionnage.com\/wp-content\/uploads\/2023\/02\/Depositphotos_154754034_XL-5-1-287x300.jpg 287w, https:\/\/contreespionnage.com\/wp-content\/uploads\/2023\/02\/Depositphotos_154754034_XL-5-1-980x1024.jpg 980w, https:\/\/contreespionnage.com\/wp-content\/uploads\/2023\/02\/Depositphotos_154754034_XL-5-1-768x802.jpg 768w, https:\/\/contreespionnage.com\/wp-content\/uploads\/2023\/02\/Depositphotos_154754034_XL-5-1-1471x1536.jpg 1471w, https:\/\/contreespionnage.com\/wp-content\/uploads\/2023\/02\/Depositphotos_154754034_XL-5-1-1961x2048.jpg 1961w, https:\/\/contreespionnage.com\/wp-content\/uploads\/2023\/02\/Depositphotos_154754034_XL-5-1-600x627.jpg 600w\" sizes=\"(max-width: 2451px) 100vw, 2451px\" \/><\/div>\n\t\t<\/figure>\n\t<\/div>\n<\/div><\/div><\/div><div class=\"wpb_column vc_column_container vc_col-sm-8\"><div class=\"vc_column-inner\"><div class=\"wpb_wrapper\"><div class=\"vcex-module vcex-icon-box vcex-icon-box-one wpex-relative wpex-flex wpex-mb-20 wpex-text-left\"><div class=\"vcex-icon-box-symbol wpex-flex-shrink-0 wpex-mr-20\"><div class=\"vcex-icon-box-icon wpex-inline-flex wpex-items-center wpex-justify-center wpex-child-inherit-color wpex-text-center wpex-leading-none wpex-text-1\"><span class=\"ticon ticon-crosshairs\" aria-hidden=\"true\"><\/span><\/div><\/div><div class=\"vcex-icon-box-text wpex-flex-grow\"><h2 class=\"vcex-icon-box-heading wpex-heading wpex-text-md wpex-mb-10\">Counter Industrial espionage<\/h2><div class=\"vcex-icon-box-content wpex-last-mb-0 wpex-clr\"><p>We search for any electronic or physical equipment that has been installed in a location to spy on, or monitor the activities and conversations taking place in its vicinity.<\/p>\n<\/div><\/div><\/div><div class=\"vcex-module vcex-icon-box vcex-icon-box-one wpex-relative wpex-flex wpex-text-left vc_custom_1677263616856\"><div class=\"vcex-icon-box-symbol wpex-flex-shrink-0 wpex-mr-20\"><div class=\"vcex-icon-box-icon wpex-inline-flex wpex-items-center wpex-justify-center wpex-child-inherit-color wpex-text-center wpex-leading-none wpex-text-1\"><span class=\"ticon ticon-headphones\" aria-hidden=\"true\"><\/span><\/div><\/div><div class=\"vcex-icon-box-text wpex-flex-grow\"><h2 class=\"vcex-icon-box-heading wpex-heading wpex-text-md wpex-mb-10\">Electronic scanning<\/h2><div class=\"vcex-icon-box-content wpex-last-mb-0 wpex-clr\"><p>By implementing the use of specialized tools, which includes radio frequency detectors, spectrum analyzers, signal amplifiers and other measuring instruments, we are able to search for suspicious electromagnetic signals.<\/p>\n<\/div><\/div><\/div><div class=\"vcex-module vcex-icon-box vcex-icon-box-one wpex-relative wpex-flex wpex-mb-20 wpex-text-left\"><div class=\"vcex-icon-box-symbol wpex-flex-shrink-0 wpex-mr-20\"><div class=\"vcex-icon-box-icon wpex-inline-flex wpex-items-center wpex-justify-center wpex-child-inherit-color wpex-text-center wpex-leading-none wpex-text-1\"><span class=\"ticon ticon-search\" aria-hidden=\"true\"><\/span><\/div><\/div><div class=\"vcex-icon-box-text wpex-flex-grow\"><h2 class=\"vcex-icon-box-heading wpex-heading wpex-text-md wpex-mb-10\">Full physical inspection of your business or residence<\/h2><div class=\"vcex-icon-box-content wpex-last-mb-0 wpex-clr\"><p>We examine the area for the presence of physical devices, including hidden microphones, cameras and other recording gadgets that may be concealed in walls, ceilings, electrical outlets, furniture, decorative objects, plants, smoke detectors and other hidden locations.<\/p>\n<\/div><\/div><\/div><div class=\"vcex-module vcex-icon-box vcex-icon-box-one wpex-relative wpex-flex wpex-text-left\"><div class=\"vcex-icon-box-symbol wpex-flex-shrink-0 wpex-mr-20\"><div class=\"vcex-icon-box-icon wpex-inline-flex wpex-items-center wpex-justify-center wpex-child-inherit-color wpex-text-center wpex-leading-none wpex-text-1\"><span class=\"ticon ticon-pencil-square-o\" aria-hidden=\"true\"><\/span><\/div><\/div><div class=\"vcex-icon-box-text wpex-flex-grow\"><h2 class=\"vcex-icon-box-heading wpex-heading wpex-text-md wpex-mb-10\">Inspection report<\/h2><div class=\"vcex-icon-box-content wpex-last-mb-0 wpex-clr\"><p>A summary of the electronic and physical equipment examined will be provided, along with the findings of the inspection, including any anomalies or detected spy devices. The report may also include photos or videos to support the conclusions if needed.<\/p>\n<\/div><\/div><\/div><\/div><\/div><\/div><\/div><div data-vc-full-width=\"true\" data-vc-full-width-init=\"false\" class=\"vc_row wpb_row vc_row-fluid vc_custom_1519952019946 wpex-vc_row-has-fill wpex-vc-row-stretched no-bottom-margins\"><div class=\"wpb_column vc_column_container vc_col-sm-12\"><div class=\"vc_column-inner\"><div class=\"wpb_wrapper\"><h2 class=\"vcex-heading vcex-module wpex-text-2xl wpex-font-normal wpex-m-auto wpex-max-w-100 vcex-heading-plain wpex-block wpex-text-center vc_custom_1676486367493\" style=\"font-size:32px;font-weight:400;\"><span class=\"vcex-heading-inner wpex-inline-block wpex-clr\">Our services<\/span><\/h2>\n\t<div style=\"color:#777777;font-size:18px;font-weight:300;text-align:center;\" class=\"wpb_text_column has-custom-color wpex-child-inherit-color wpb_content_element\" >\n\t\t<div class=\"wpb_wrapper\">\n\t\t\t<p>Protecting your communications from cyber espionage is our mandate.<\/p>\n\n\t\t<\/div>\n\t<\/div>\n<div class=\"vc_custom_1679413589029 wpex-clr\"><div class=\"theme-button-wrap textcenter wpex-clr\"><a href=\"https:\/\/contreespionnage.com\/en\/services\/\" title=\"Services\" class=\"vcex-button theme-button align-center inline\" style=\"font-size:15px;font-weight:400;\"><span class=\"theme-button-inner\">Services<\/span><\/a><\/div><\/div> <div class=\"vcex-spacing wpex-w-100 wpex-clear\" style=\"height:40px;\"><\/div><div class=\"vcex-grid-container vcex-module wpex-grid wpex-gap-20 wpex-grid-cols-1 wpex-lg-grid-cols-4 wpex-items-center wpex-justify-items-center\"><figure class=\"vcex-image vcex-module wpex-clr\"><div class=\"vcex-image-inner wpex-relative wpex-inline-block\"><img decoding=\"async\" width=\"1000\" height=\"1000\" src=\"https:\/\/contreespionnage.com\/wp-content\/uploads\/2023\/03\/Asset-2@1000x-2.png\" class=\"wpex-align-middle\" alt=\"espionnage en entreprise corporate espionage\" loading=\"lazy\" srcset=\"https:\/\/contreespionnage.com\/wp-content\/uploads\/2023\/03\/Asset-2@1000x-2.png 1000w, https:\/\/contreespionnage.com\/wp-content\/uploads\/2023\/03\/Asset-2@1000x-2-300x300.png 300w, https:\/\/contreespionnage.com\/wp-content\/uploads\/2023\/03\/Asset-2@1000x-2-150x150.png 150w, https:\/\/contreespionnage.com\/wp-content\/uploads\/2023\/03\/Asset-2@1000x-2-768x768.png 768w, https:\/\/contreespionnage.com\/wp-content\/uploads\/2023\/03\/Asset-2@1000x-2-600x600.png 600w, https:\/\/contreespionnage.com\/wp-content\/uploads\/2023\/03\/Asset-2@1000x-2-100x100.png 100w\" sizes=\"(max-width: 1000px) 100vw, 1000px\" \/><\/div><\/figure><figure class=\"vcex-image vcex-module wpex-clr\"><div class=\"vcex-image-inner wpex-relative wpex-inline-block\"><img decoding=\"async\" width=\"1000\" height=\"1000\" src=\"https:\/\/contreespionnage.com\/wp-content\/uploads\/2023\/02\/Asset-1@1000x-1.png\" class=\"wpex-align-middle\" alt=\"D\u00e9tection de micro Microphone detection\" loading=\"lazy\" srcset=\"https:\/\/contreespionnage.com\/wp-content\/uploads\/2023\/02\/Asset-1@1000x-1.png 1000w, https:\/\/contreespionnage.com\/wp-content\/uploads\/2023\/02\/Asset-1@1000x-1-300x300.png 300w, https:\/\/contreespionnage.com\/wp-content\/uploads\/2023\/02\/Asset-1@1000x-1-150x150.png 150w, https:\/\/contreespionnage.com\/wp-content\/uploads\/2023\/02\/Asset-1@1000x-1-768x768.png 768w, https:\/\/contreespionnage.com\/wp-content\/uploads\/2023\/02\/Asset-1@1000x-1-600x600.png 600w, https:\/\/contreespionnage.com\/wp-content\/uploads\/2023\/02\/Asset-1@1000x-1-100x100.png 100w\" sizes=\"(max-width: 1000px) 100vw, 1000px\" \/><\/div><\/figure><figure class=\"vcex-image vcex-module wpex-clr\"><div class=\"vcex-image-inner wpex-relative wpex-inline-block\"><img decoding=\"async\" width=\"731\" height=\"729\" src=\"https:\/\/contreespionnage.com\/wp-content\/uploads\/2023\/02\/151_car-6-modif.png\" class=\"wpex-align-middle\" alt=\"Cam\u00e9ras cach\u00e9es Hidden cameras\" loading=\"lazy\" srcset=\"https:\/\/contreespionnage.com\/wp-content\/uploads\/2023\/02\/151_car-6-modif.png 731w, https:\/\/contreespionnage.com\/wp-content\/uploads\/2023\/02\/151_car-6-modif-300x300.png 300w, https:\/\/contreespionnage.com\/wp-content\/uploads\/2023\/02\/151_car-6-modif-150x150.png 150w, https:\/\/contreespionnage.com\/wp-content\/uploads\/2023\/02\/151_car-6-modif-600x598.png 600w, https:\/\/contreespionnage.com\/wp-content\/uploads\/2023\/02\/151_car-6-modif-100x100.png 100w\" sizes=\"(max-width: 731px) 100vw, 731px\" \/><\/div><\/figure><figure class=\"vcex-image vcex-module wpex-clr\"><div class=\"vcex-image-inner wpex-relative wpex-inline-block\"><img decoding=\"async\" width=\"1627\" height=\"1627\" src=\"https:\/\/contreespionnage.com\/wp-content\/uploads\/2023\/02\/phone_icon-red-3.png\" class=\"wpex-align-middle\" alt=\"Contre-espionnage Counter-espionage\" loading=\"lazy\" srcset=\"https:\/\/contreespionnage.com\/wp-content\/uploads\/2023\/02\/phone_icon-red-3.png 1627w, https:\/\/contreespionnage.com\/wp-content\/uploads\/2023\/02\/phone_icon-red-3-300x300.png 300w, https:\/\/contreespionnage.com\/wp-content\/uploads\/2023\/02\/phone_icon-red-3-1024x1024.png 1024w, https:\/\/contreespionnage.com\/wp-content\/uploads\/2023\/02\/phone_icon-red-3-150x150.png 150w, https:\/\/contreespionnage.com\/wp-content\/uploads\/2023\/02\/phone_icon-red-3-768x768.png 768w, https:\/\/contreespionnage.com\/wp-content\/uploads\/2023\/02\/phone_icon-red-3-1536x1536.png 1536w, https:\/\/contreespionnage.com\/wp-content\/uploads\/2023\/02\/phone_icon-red-3-600x600.png 600w, https:\/\/contreespionnage.com\/wp-content\/uploads\/2023\/02\/phone_icon-red-3-100x100.png 100w\" sizes=\"(max-width: 1627px) 100vw, 1627px\" \/><\/div><\/figure>\n\t<div style=\"text-align:center;\" class=\"wpb_text_column wpb_content_element\" >\n\t\t<div class=\"wpb_wrapper\">\n\t\t\t<h3 class=\"vcex-heading vcex-module wpex-text-2xl wpex-font-normal wpex-m-auto wpex-max-w-100 vcex-heading-plain wpex-block wpex-text-center\"><span class=\"vcex-heading-inner wpex-inline-block wpex-clr\">Inspection of businesses, offices, conference rooms<\/span><\/h3>\n\n\t\t<\/div>\n\t<\/div>\n\n\t<div style=\"text-align:center;\" class=\"wpb_text_column wpb_content_element\" >\n\t\t<div class=\"wpb_wrapper\">\n\t\t\t<h3 class=\"vcex-heading vcex-module wpex-text-2xl wpex-font-normal wpex-m-auto wpex-max-w-100 vcex-heading-plain wpex-block wpex-text-center\"><span class=\"vcex-heading-inner wpex-inline-block wpex-clr\">Home inspection<\/span><\/h3>\n\n\t\t<\/div>\n\t<\/div>\n\n\t<div style=\"text-align:center;\" class=\"wpb_text_column wpb_content_element\" >\n\t\t<div class=\"wpb_wrapper\">\n\t\t\t<h3 class=\"vcex-heading vcex-module wpex-text-2xl wpex-font-normal wpex-m-auto wpex-max-w-100 vcex-heading-plain wpex-block wpex-text-center\"><span class=\"vcex-heading-inner wpex-inline-block wpex-clr\">Vehicle inspection<\/span><\/h3>\n\n\t\t<\/div>\n\t<\/div>\n\n\t<div style=\"text-align:center;\" class=\"wpb_text_column wpb_content_element\" >\n\t\t<div class=\"wpb_wrapper\">\n\t\t\t<h3 class=\"vcex-heading vcex-module wpex-text-2xl wpex-font-normal wpex-m-auto wpex-max-w-100 vcex-heading-plain wpex-block wpex-text-center\"><span class=\"vcex-heading-inner wpex-inline-block wpex-clr\">Checking your internal telephone circuits<\/span><\/h3>\n\n\t\t<\/div>\n\t<\/div>\n\n\t<div style=\"text-align:center;\" class=\"wpb_text_column wpb_content_element\" >\n\t\t<div class=\"wpb_wrapper\">\n\t\t\t<p>Inspection of electrical installations, heating, ventilation and air conditioning systems, furniture, and any other arear where something could be concealed.<\/p>\n\n\t\t<\/div>\n\t<\/div>\n\n\t<div style=\"text-align:center;\" class=\"wpb_text_column wpb_content_element\" >\n\t\t<div class=\"wpb_wrapper\">\n\t\t\t<p>Identification of hidden listening devices, surveillance cameras, or any other spying gadgets installed without the owner or occupant's knowledge.<\/p>\n\n\t\t<\/div>\n\t<\/div>\n\n\t<div style=\"text-align:center;\" class=\"wpb_text_column wpb_content_element\" >\n\t\t<div class=\"wpb_wrapper\">\n\t\t\t<p>A complete inspection to source any hidden spying devices or GPS tracking that may be installed without the owner or occupant's knowledge.<\/p>\n\n\t\t<\/div>\n\t<\/div>\n\n\t<div style=\"text-align:center;\" class=\"wpb_text_column wpb_content_element\" >\n\t\t<div class=\"wpb_wrapper\">\n\t\t\t<p>Verification of telephone line connections, switching equipment, telephone jacks, cables, and other components that may hamper your security.<\/p>\n\n\t\t<\/div>\n\t<\/div>\n<\/div><\/div><\/div><\/div><\/div><div class=\"vc_row-full-width vc_clearfix\"><\/div><div class=\"vc_row wpb_row vc_row-fluid vc_custom_1519952182814 no-bottom-margins\"><div class=\"wpb_column vc_column_container vc_col-sm-12\"><div class=\"vc_column-inner\"><div class=\"wpb_wrapper\"><div class=\"vcex-icon vcex-module vcex-icon-normal wpex-float-none wpex-m-auto wpex-text-center\" style=\"font-size:30px;\"><div class=\"vcex-icon-wrap wpex-inline-flex wpex-items-center wpex-justify-center wpex-leading-none\" style=\"color:#000000;\"><span class=\"ticon ticon-camera\" aria-hidden=\"true\"><\/span><\/div><\/div><h2 class=\"vcex-heading vcex-module wpex-text-2xl wpex-font-normal wpex-m-auto wpex-max-w-100 vcex-heading-plain wpex-block wpex-text-center vc_custom_1676487526496\" style=\"font-size:32px;font-weight:400;\"><span class=\"vcex-heading-inner wpex-inline-block wpex-clr\">Comprehensive counter-espionage services<\/span><\/h2>\n\t<div style=\"color:#777777;font-size:18px;font-weight:300;text-align:center;\" class=\"wpb_text_column has-custom-color wpex-child-inherit-color wpb_content_element\" >\n\t\t<div class=\"wpb_wrapper\">\n\t\t\t<p>Leader in the detection of clandestine electronic listening devices since 1987.<\/p>\n\n\t\t<\/div>\n\t<\/div>\n<div class=\"vcex-spacing wpex-w-100 wpex-clear\" style=\"height:50px;\"><\/div>\n\t<div  class=\"wpb_single_image wpb_content_element vc_align_center\">\n\t\t\n\t\t<figure class=\"wpb_wrapper vc_figure\">\n\t\t\t<div class=\"vc_single_image-wrapper   vc_box_border_grey\"><img loading=\"lazy\" decoding=\"async\" width=\"980\" height=\"735\" src=\"https:\/\/contreespionnage.com\/wp-content\/uploads\/2023\/02\/Depositphotos_53563621_XL-6-1024x768.png\" class=\"vc_single_image-img attachment-large\" alt=\"D\u00e9tection de micros et cam\u00e9ras cach\u00e9s Hidden Microphones and cameras detection\" title=\"D\u00e9tection de micros et cam\u00e9ras cach\u00e9s Hidden Microphones and cameras detection\" srcset=\"https:\/\/contreespionnage.com\/wp-content\/uploads\/2023\/02\/Depositphotos_53563621_XL-6-1024x768.png 1024w, https:\/\/contreespionnage.com\/wp-content\/uploads\/2023\/02\/Depositphotos_53563621_XL-6-300x225.png 300w, https:\/\/contreespionnage.com\/wp-content\/uploads\/2023\/02\/Depositphotos_53563621_XL-6-768x576.png 768w, https:\/\/contreespionnage.com\/wp-content\/uploads\/2023\/02\/Depositphotos_53563621_XL-6-1536x1152.png 1536w, https:\/\/contreespionnage.com\/wp-content\/uploads\/2023\/02\/Depositphotos_53563621_XL-6-2048x1536.png 2048w, https:\/\/contreespionnage.com\/wp-content\/uploads\/2023\/02\/Depositphotos_53563621_XL-6-600x450.png 600w\" sizes=\"(max-width: 980px) 100vw, 980px\" \/><\/div>\n\t\t<\/figure>\n\t<\/div>\n<\/div><\/div><\/div><\/div><div data-vc-full-width=\"true\" data-vc-full-width-init=\"false\" class=\"vc_row wpb_row vc_row-fluid vc_custom_1680118646343 wpex-vc_row-has-fill wpex-vc-row-stretched no-bottom-margins wpex-parallax-bg-wrap\"><div class=\"wpb_column vc_column_container vc_col-sm-12\"><div class=\"vc_column-inner\"><div class=\"wpb_wrapper\"><h2 class=\"vcex-heading vcex-module wpex-text-2xl wpex-font-normal wpex-m-auto wpex-max-w-100 vcex-heading-plain wpex-block wpex-text-center vc_custom_1676487475036\" style=\"font-size:32px;font-weight:400;\"><span class=\"vcex-heading-inner wpex-inline-block wpex-clr\">Contact us for a quote!<\/span><\/h2>\n\t<div style=\"color:#777777;font-size:18px;font-weight:300;text-align:center;\" class=\"wpb_text_column has-custom-color wpex-child-inherit-color wpb_content_element\" >\n\t\t<div class=\"wpb_wrapper\">\n\t\t\t<p>You have questions, and we have the answers. Reach out by sending us a message and a member of our team will contact you as soon as possible.<\/p>\n\n\t\t<\/div>\n\t<\/div>\n<div class=\"vcex-spacing wpex-w-100 wpex-clear\"><\/div><\/div><\/div><\/div><\/div><div class=\"vc_row-full-width vc_clearfix\"><\/div><div data-vc-full-width=\"true\" data-vc-full-width-init=\"false\" class=\"vc_row wpb_row vc_row-fluid vc_custom_1680118654759 wpex-vc_row-has-fill wpex-vc-row-stretched\"><div class=\"wpb_column vc_column_container vc_col-sm-2\"><div class=\"vc_column-inner\"><div class=\"wpb_wrapper\"><\/div><\/div><\/div><div class=\"wpb_column vc_column_container vc_col-sm-8\"><div class=\"vc_column-inner\"><div class=\"wpb_wrapper\">\n\t<div class=\"wpb_raw_code wpb_content_element wpb_raw_html\" >\n\t\t<div class=\"wpb_wrapper\">\n\t\t\t<iframe width='100%' height='590' src='https:\/\/zfrmz.com\/e6CYtLTD8KORK40Oucuy'><\/iframe>\n\t\t<\/div>\n\t<\/div>\n<\/div><\/div><\/div><div class=\"wpb_column vc_column_container vc_col-sm-2\"><div class=\"vc_column-inner\"><div class=\"wpb_wrapper\"><\/div><\/div><\/div><\/div><div class=\"vc_row-full-width vc_clearfix\"><\/div>","protected":false},"excerpt":{"rendered":"Contrez l'espionnageNous pouvons vous prot\u00e9ger contre la plupart des types d\u2019espionnage en \u00e9laborant une strat\u00e9gie efficace de contre-espionnage. Trouvez cam\u00e9ras cach\u00e9es, gps et micros-espionsNous utilisons des techniques avanc\u00e9es de contre mesures de surveillance par balayage \u00e9lectronique pour trouver les dispositifs d\u2019espionage. Rendez vos bureaux, vos salles de conf\u00e9rence, vos syst\u00e8mes de communication et vos v\u00e9hicules&hellip;","protected":false},"author":1,"featured_media":0,"parent":0,"menu_order":0,"comment_status":"closed","ping_status":"closed","template":"","meta":{"footnotes":""},"_links":{"self":[{"href":"https:\/\/contreespionnage.com\/en\/wp-json\/wp\/v2\/pages\/839"}],"collection":[{"href":"https:\/\/contreespionnage.com\/en\/wp-json\/wp\/v2\/pages"}],"about":[{"href":"https:\/\/contreespionnage.com\/en\/wp-json\/wp\/v2\/types\/page"}],"author":[{"embeddable":true,"href":"https:\/\/contreespionnage.com\/en\/wp-json\/wp\/v2\/users\/1"}],"replies":[{"embeddable":true,"href":"https:\/\/contreespionnage.com\/en\/wp-json\/wp\/v2\/comments?post=839"}],"version-history":[{"count":15,"href":"https:\/\/contreespionnage.com\/en\/wp-json\/wp\/v2\/pages\/839\/revisions"}],"predecessor-version":[{"id":5012,"href":"https:\/\/contreespionnage.com\/en\/wp-json\/wp\/v2\/pages\/839\/revisions\/5012"}],"wp:attachment":[{"href":"https:\/\/contreespionnage.com\/en\/wp-json\/wp\/v2\/media?parent=839"}],"curies":[{"name":"wp","href":"https:\/\/api.w.org\/{rel}","templated":true}]}}