{"id":2399,"date":"2023-03-15T05:48:46","date_gmt":"2023-03-15T09:48:46","guid":{"rendered":"http:\/\/wpexplorer-demos.com\/total\/?page_id=2399"},"modified":"2023-11-03T10:33:45","modified_gmt":"2023-11-03T14:33:45","slug":"a-propos","status":"publish","type":"page","link":"https:\/\/contreespionnage.com\/en\/a-propos\/","title":{"rendered":"About"},"content":{"rendered":"<div data-vc-full-width=\"true\" data-vc-full-width-init=\"false\" data-vc-stretch-content=\"true\" class=\"vc_row wpb_row vc_row-fluid vc_custom_1678910716605 wpex-vc_row-has-fill wpex-vc-row-stretched wpex-has-overlay\"><div class=\"wpex-bg-overlay-wrap wpex-absolute wpex-inset-0 wpex-rounded-inherit\"><span class=\"wpex-bg-overlay custom wpex-absolute wpex-inset-0 wpex-rounded-inherit\" style=\"background-color:#1f749a;opacity:0.3;\"><\/span><\/div><div class=\"wpb_column vc_column_container vc_col-sm-12\"><div class=\"vc_column-inner\"><div class=\"wpb_wrapper\"><h1 class=\"vcex-heading vcex-module wpex-text-2xl wpex-font-normal wpex-m-auto wpex-max-w-100 vcex-heading-plain wpex-block wpex-text-center\" style=\"color:#ffffff;font-size:45px;\"><span class=\"vcex-heading-inner wpex-inline-block wpex-clr\">About<\/span><\/h1>\n\t<div style=\"color:#ffffff;font-size:20px;text-align:center;font-style:italic;\" class=\"wpb_text_column has-custom-color wpex-child-inherit-color wpb_content_element\" >\n\t\t<div class=\"wpb_wrapper\">\n\t\t\t<p>DEEGT has been active in the art of counter measuring for over 35 years.<\/p>\n\n\t\t<\/div>\n\t<\/div>\n<\/div><\/div><\/div><\/div><div class=\"vc_row-full-width vc_clearfix\"><\/div><div data-vc-full-width=\"true\" data-vc-full-width-init=\"false\" class=\"vc_row wpb_row vc_row-fluid vc_custom_1676408973774 wpex-vc_row-has-fill wpex-vc-row-stretched\"><div class=\"wpb_column vc_column_container vc_col-sm-8\"><div class=\"vc_column-inner\"><div class=\"wpb_wrapper\">\n\t<div class=\"wpb_text_column wpb_content_element\" >\n\t\t<div class=\"wpb_wrapper\">\n\t\t\t<h2><span style=\"font-size: 21px;\">We continue to innovate<\/span><\/h2>\n<p align=\"left\">Due to its extensive industry experience, the company has  kept up with the most cutting-edge technological developments in electronics and communications security.<\/p>\n<p align=\"left\">Every year, DEEGT constantly renews and updates its equipment to remain at the forefront of technology, progress, and innovation and to be aware of new advancements. As a forward-thinking company, DEEGT places great importance on the continuous training and development of its team members, in order to offer a high-quality service.<\/p>\n\n\t\t<\/div>\n\t<\/div>\n<\/div><\/div><\/div><div class=\"wpb_column vc_column_container vc_col-sm-4\"><div class=\"vc_column-inner\"><div class=\"wpb_wrapper\">\n\t<div  class=\"wpb_single_image wpb_content_element vc_align_right  wpb_animate_when_almost_visible wpb_right-to-left right-to-left\">\n\t\t\n\t\t<figure class=\"wpb_wrapper vc_figure\">\n\t\t\t<div class=\"vc_single_image-wrapper vc_box_circle  vc_box_border_grey\"><img loading=\"lazy\" decoding=\"async\" class=\"vc_single_image-img\" src=\"https:\/\/contreespionnage.com\/wp-content\/uploads\/2023\/02\/Depositphotos_185186820_XL-2-1601x1601.jpg\" width=\"1601\" height=\"1601\" alt=\"D\u00e9tection de micro Microphone detection\" title=\"D\u00e9tection de micro Microphone detection\" \/><\/div>\n\t\t<\/figure>\n\t<\/div>\n<\/div><\/div><\/div><\/div><div class=\"vc_row-full-width vc_clearfix\"><\/div><div class=\"vc_row wpb_row vc_row-fluid vc_custom_1489885549520\"><div class=\"wpb_column vc_column_container vc_col-sm-4\"><div class=\"vc_column-inner\"><div class=\"wpb_wrapper\"><div class=\"vcex-spacing wpex-w-100 wpex-clear visible-desktop\"><\/div>\n\t<div  class=\"wpb_single_image wpb_content_element vc_align_  wpb_animate_when_almost_visible wpb_left-to-right left-to-right\">\n\t\t\n\t\t<figure class=\"wpb_wrapper vc_figure\">\n\t\t\t<div class=\"vc_single_image-wrapper vc_box_circle  vc_box_border_grey\"><img loading=\"lazy\" decoding=\"async\" class=\"vc_single_image-img\" src=\"https:\/\/contreespionnage.com\/wp-content\/uploads\/2023\/02\/Depositphotos_359652576_XL-2-1244x1244.jpg\" width=\"1244\" height=\"1244\" alt=\"espionnage industriel Industrial espionage\" title=\"espionnage industriel Industrial espionage\" \/><\/div>\n\t\t<\/figure>\n\t<\/div>\n<\/div><\/div><\/div><div class=\"wpb_column vc_column_container vc_col-sm-8\"><div class=\"vc_column-inner\"><div class=\"wpb_wrapper\">\n\t<div class=\"wpb_text_column wpb_content_element\" >\n\t\t<div class=\"wpb_wrapper\">\n\t\t\t<h2><span style=\"font-size: 21px;\">In constant evolution<\/span><\/h2>\n<p>DEEGT counterespionage is at the forefront of technology, progress and innovation, and is always on the lookout for new developments to stay ahead of growing threats, like;<\/p>\n<ul class=\"gras\">\n<li>Industrial espionage<\/li>\n<li>Clandestine electronic surveillance and listening<\/li>\n<\/ul>\n\n\t\t<\/div>\n\t<\/div>\n<\/div><\/div><\/div><\/div><div data-vc-full-width=\"true\" data-vc-full-width-init=\"false\" class=\"vc_row wpb_row vc_row-fluid vc_custom_1489885632851 wpex-vc_row-has-fill wpex-vc-row-stretched\"><div class=\"wpb_column vc_column_container vc_col-sm-8\"><div class=\"vc_column-inner\"><div class=\"wpb_wrapper\">\n\t<div class=\"wpb_text_column wpb_content_element\" >\n\t\t<div class=\"wpb_wrapper\">\n\t\t\t<h2><span style=\"font-size: 21px;\">Expert in Industrial Counter-espionage<\/span><\/h2>\n<p>By developing an effective counter-espionage strategy, we can protect you against many forms of espionage.<\/p>\n<p>We use advanced electronic scanning countermeasure techniques to find spying devices, such as <strong>hidden cameras<\/strong>,<strong>\u00a0gps<\/strong>\u00a0and\u00a0<strong>spy microphones<\/strong>.<\/p>\n<p>Give us a shout to make your offices, conference rooms, communication systems, and vehicles safe.<\/p>\n\n\t\t<\/div>\n\t<\/div>\n<\/div><\/div><\/div><div class=\"wpb_column vc_column_container vc_col-sm-4\"><div class=\"vc_column-inner\"><div class=\"wpb_wrapper\"><div class=\"vcex-spacing wpex-w-100 wpex-clear visible-desktop\"><\/div>\n\t<div  class=\"wpb_single_image wpb_content_element vc_align_  wpb_animate_when_almost_visible wpb_right-to-left right-to-left\">\n\t\t\n\t\t<figure class=\"wpb_wrapper vc_figure\">\n\t\t\t<div class=\"vc_single_image-wrapper vc_box_circle  vc_box_border_grey\"><img loading=\"lazy\" decoding=\"async\" class=\"vc_single_image-img\" src=\"https:\/\/contreespionnage.com\/wp-content\/uploads\/2023\/02\/Depositphotos_163606764_XL-2-1677x1677.jpg\" width=\"1677\" height=\"1677\" alt=\"cam\u00e9ras cach\u00e9es Hidden cameras\" title=\"cam\u00e9ras cach\u00e9es Hidden cameras\" \/><\/div>\n\t\t<\/figure>\n\t<\/div>\n<\/div><\/div><\/div><\/div><div class=\"vc_row-full-width vc_clearfix\"><\/div>","protected":false},"excerpt":{"rendered":"\u00c0 propos DEEGT est actif dans l\u2019art de la contre-mesure depuis plus de 35 ans. Nous continuons d'innover Gr\u00e2ce \u00e0 ses nombreuses ann\u00e9es d\u2019exp\u00e9rience dans le domaine, l\u2019entreprise a su \u00e9voluer de concert avec les avanc\u00e9es technologiques en mati\u00e8re d\u2019\u00e9lectronique et de s\u00e9curit\u00e9 des communications. \u00c0 la fine pointe de la technologie, du progr\u00e8s, de&hellip;","protected":false},"author":1,"featured_media":0,"parent":0,"menu_order":0,"comment_status":"closed","ping_status":"closed","template":"","meta":{"footnotes":""},"_links":{"self":[{"href":"https:\/\/contreespionnage.com\/en\/wp-json\/wp\/v2\/pages\/2399"}],"collection":[{"href":"https:\/\/contreespionnage.com\/en\/wp-json\/wp\/v2\/pages"}],"about":[{"href":"https:\/\/contreespionnage.com\/en\/wp-json\/wp\/v2\/types\/page"}],"author":[{"embeddable":true,"href":"https:\/\/contreespionnage.com\/en\/wp-json\/wp\/v2\/users\/1"}],"replies":[{"embeddable":true,"href":"https:\/\/contreespionnage.com\/en\/wp-json\/wp\/v2\/comments?post=2399"}],"version-history":[{"count":7,"href":"https:\/\/contreespionnage.com\/en\/wp-json\/wp\/v2\/pages\/2399\/revisions"}],"predecessor-version":[{"id":5108,"href":"https:\/\/contreespionnage.com\/en\/wp-json\/wp\/v2\/pages\/2399\/revisions\/5108"}],"wp:attachment":[{"href":"https:\/\/contreespionnage.com\/en\/wp-json\/wp\/v2\/media?parent=2399"}],"curies":[{"name":"wp","href":"https:\/\/api.w.org\/{rel}","templated":true}]}}